{"id":5,"date":"2012-04-30T09:23:58","date_gmt":"2012-04-30T09:23:58","guid":{"rendered":"http:\/\/localhost\/wordpressK\/?page_id=4"},"modified":"2023-10-09T13:35:43","modified_gmt":"2023-10-09T11:35:43","slug":"home","status":"publish","type":"page","link":"https:\/\/www.sonnenkinder-schwabing.de\/Wordpress\/","title":{"rendered":"Willkommen bei den Sonnenkindern"},"content":{"rendered":"<p>Die Kinderkrippe Sonnenkinder ist eine gewachsene, alteingesessene Einrichtung, die bereits im Jahr 1987 als private Spiel- und Krabbelstube gegr\u00fcndet wurde.<br \/>\nSie befindet sich direkt im Herzen von Schwabing-West, in einer kleinen ruhigen Seitenstra\u00dfe. Nur ein paar Meter weiter befindet sich der Hohenzollernplatz mit einer sehr guten Anbindung an das \u00f6ffentliche Verkehrsnetz (u.a. U2, Tram 27 und 12 und Bus 53 und 59).<\/p>\n<p>Wir sind eine kleine famili\u00e4re Einrichtung mit zwei Gruppen und jeweils 12 Pl\u00e4tzen. Kinder werden ab ca. einem Jahr aufgenommen und d\u00fcrfen bis zum Kindergartenalter bei uns bleiben.<\/p>\n<p>Beide Gruppenr\u00e4ume befinden sich im Erdgeschoss. Es sind keine Stufen zu \u00fcberwinden und ein idyllischer gro\u00dfer Garten gibt uns die M\u00f6glichkeit mit den Kindern h\u00e4ufig nach drau\u00dfen zu gehen und diesen bei fast jedem Wetter zu genie\u00dfen.<\/p>\n<p>Es liegt uns sehr am Herzen, unsere neuen Familien von Anfang an pers\u00f6nlich kennenzulernen, weshalb bei Interesse gerne per E-Mail oder telefonisch ein Besichtigungstermin ausgemacht werden kann. Zum Termin bitte den ausgef\u00fcllten Aufnahmebogen mitbringen.<\/p>\n<p><a href=\"http:\/\/sonnenkinder-schwabing.de\/wp-content\/uploads\/2021\/03\/Aufnahmebogen.pdf\" target=\"_blank\" rel=\"noopener\">Hier geht&#8217;s zum Aufnahmebogen<\/a><\/p>\n","protected":false},"excerpt":{"rendered":"<p>Die Kinderkrippe Sonnenkinder ist eine gewachsene, alteingesessene Einrichtung, die bereits im Jahr 1987 als private Spiel- und Krabbelstube gegr\u00fcndet wurde. Sie befindet sich direkt im Herzen von Schwabing-West, in einer kleinen ruhigen Seitenstra\u00dfe. Nur ein paar Meter weiter befindet sich &hellip; <a href=\"https:\/\/www.sonnenkinder-schwabing.de\/Wordpress\/\">Weiterlesen <span class=\"meta-nav\">&rarr;<\/span><\/a><\/p>\n","protected":false},"author":1,"featured_media":0,"parent":0,"menu_order":1,"comment_status":"closed","ping_status":"closed","template":"sidebar-page.php","meta":{"_crdt_document":"","footnotes":""},"class_list":["post-5","page","type-page","status-publish","hentry"],"jetpack_sharing_enabled":true,"_links":{"self":[{"href":"https:\/\/www.sonnenkinder-schwabing.de\/Wordpress\/wp-json\/wp\/v2\/pages\/5","targetHints":{"allow":["GET"]}}],"collection":[{"href":"https:\/\/www.sonnenkinder-schwabing.de\/Wordpress\/wp-json\/wp\/v2\/pages"}],"about":[{"href":"https:\/\/www.sonnenkinder-schwabing.de\/Wordpress\/wp-json\/wp\/v2\/types\/page"}],"author":[{"embeddable":true,"href":"https:\/\/www.sonnenkinder-schwabing.de\/Wordpress\/wp-json\/wp\/v2\/users\/1"}],"replies":[{"embeddable":true,"href":"https:\/\/www.sonnenkinder-schwabing.de\/Wordpress\/wp-json\/wp\/v2\/comments?post=5"}],"version-history":[{"count":22,"href":"https:\/\/www.sonnenkinder-schwabing.de\/Wordpress\/wp-json\/wp\/v2\/pages\/5\/revisions"}],"predecessor-version":[{"id":610,"href":"https:\/\/www.sonnenkinder-schwabing.de\/Wordpress\/wp-json\/wp\/v2\/pages\/5\/revisions\/610"}],"wp:attachment":[{"href":"https:\/\/www.sonnenkinder-schwabing.de\/Wordpress\/wp-json\/wp\/v2\/media?parent=5"}],"curies":[{"name":"wp","href":"https:\/\/api.w.org\/{rel}","templated":true}]}}